{"id":905,"date":"2020-10-24T13:13:17","date_gmt":"2020-10-24T13:13:17","guid":{"rendered":"https:\/\/danisailing.com\/?page_id=905"},"modified":"2020-10-24T13:20:20","modified_gmt":"2020-10-24T13:20:20","slug":"terminos-y-condiciones","status":"publish","type":"page","link":"https:\/\/danisailing.com\/en\/terminos-y-condiciones\/","title":{"rendered":"Terminos y condiciones"},"content":{"rendered":"<h2>Pol\u00edticas de cancelaci\u00f3n<\/h2>\n\n\n\n<p><\/p>\n\n\n\n<p>Por condiciones clim\u00e1ticas no hay penalizaci\u00f3n.<\/p>\n\n\n\n<p>Cancelaci\u00f3n con m\u00e1s de tres d\u00edas de anticipaci\u00f3n no hay penalizaci\u00f3n.<\/p>\n\n\n\n<p>Cancelaci\u00f3n con menos de tres d\u00edas de anticipaci\u00f3n hay una penalizaci\u00f3n del 40% del valor total del tour.<\/p>","protected":false},"excerpt":{"rendered":"<p>Pol\u00edticas de cancelaci\u00f3n Por condiciones clim\u00e1ticas no hay penalizaci\u00f3n. Cancelaci\u00f3n con m\u00e1s de tres d\u00edas de anticipaci\u00f3n no hay penalizaci\u00f3n. Cancelaci\u00f3n con menos de tres d\u00edas de anticipaci\u00f3n hay una penalizaci\u00f3n del 40% del valor total del tour.<\/p>","protected":false},"author":1,"featured_media":0,"parent":0,"menu_order":0,"comment_status":"closed","ping_status":"closed","template":"","meta":{"_monsterinsights_skip_tracking":false,"_monsterinsights_sitenote_active":false,"_monsterinsights_sitenote_note":"","_monsterinsights_sitenote_category":0},"aioseo_notices":[],"_links":{"self":[{"href":"https:\/\/danisailing.com\/en\/wp-json\/wp\/v2\/pages\/905"}],"collection":[{"href":"https:\/\/danisailing.com\/en\/wp-json\/wp\/v2\/pages"}],"about":[{"href":"https:\/\/danisailing.com\/en\/wp-json\/wp\/v2\/types\/page"}],"author":[{"embeddable":true,"href":"https:\/\/danisailing.com\/en\/wp-json\/wp\/v2\/users\/1"}],"replies":[{"embeddable":true,"href":"https:\/\/danisailing.com\/en\/wp-json\/wp\/v2\/comments?post=905"}],"version-history":[{"count":2,"href":"https:\/\/danisailing.com\/en\/wp-json\/wp\/v2\/pages\/905\/revisions"}],"predecessor-version":[{"id":909,"href":"https:\/\/danisailing.com\/en\/wp-json\/wp\/v2\/pages\/905\/revisions\/909"}],"wp:attachment":[{"href":"https:\/\/danisailing.com\/en\/wp-json\/wp\/v2\/media?parent=905"}],"curies":[{"name":"wp","href":"https:\/\/api.w.org\/{rel}","templated":true}]}}